{"id":21197,"date":"2019-03-15T09:33:18","date_gmt":"2019-03-15T09:33:18","guid":{"rendered":"https:\/\/www.eventmobi.com\/?page_id=21197"},"modified":"2026-03-03T10:17:40","modified_gmt":"2026-03-03T15:17:40","slug":"legal","status":"publish","type":"page","link":"https:\/\/www.eventmobi.com\/de\/legal\/","title":{"rendered":"Rechtliche Bestimmungen und vertragliche Unterlagen"},"content":{"rendered":"<p><em>English versions see below<\/em><\/p>\n<p>Das Verh\u00e4ltnis zwischen der EventMobi GmbH und deren Kunden basiert auf professionellem Umgang und Vertrauen. Dar\u00fcber hinaus regeln unsere Allgemeinen Gesch\u00e4ftsbedingungen (AGB) und ein Auftragsverarbeitungsvertrag (AVV). Diese Unterlagen finden Sie, in aktuellen und veralteten Fassungen, auf dieser Seite. Bitte beachten Sie, dass die jeweils f\u00fcr Sie g\u00fcltige Fassung abh\u00e4ngig ist vom Datum des Vertrages, den Sie mit uns abgeschlossen haben.<\/p>\n<p><strong>Allgemeine Gesch\u00e4ftsbedingungen<\/strong><\/p>\n<ul>\n<li><a href=\"https:\/\/get.eventmobi.com\/rs\/872-NUQ-221\/images\/EventMobi_EMEA_AGB_German_2019.pdf\">Fassung 2019 \u2013 g\u00fcltig seit 10.5.2019<\/a><\/li>\n<li><a href=\"http:\/\/get.eventmobi.com\/rs\/872-NUQ-221\/images\/EventMobi_AGBs_2017.pdf\">Ursprungsfassung<\/a><\/li>\n<\/ul>\n<p><strong>Auftragsverarbeitungsvertrag<\/strong><\/p>\n<ul>\n<li><a href=\"https:\/\/go.eventmobi.com\/hubfs\/Hosted\/DE\/Business-Documents\/DPA-AVV\/EventMobi_EU_AVV-DE_2022.pdf\">Fassung 2022 &#8211; g\u00fcltig seit dem 01.01.2022<\/a><\/li>\n<li><a href=\"https:\/\/get.eventmobi.com\/rs\/872-NUQ-221\/images\/EventMobi_EMEA_AVV_German_2019.pdf\">Fassung 2019 &#8211; g\u00fcltig vom 10. Mai 2019 &#8211; 31.12.2021<\/a><\/li>\n<li><a href=\"https:\/\/get.eventmobi.com\/rs\/872-NUQ-221\/images\/ADV_Deutsch_nach_DSGVO.pdf\" target=\"_blank\" rel=\"noopener noreferrer\">Fassung 2018 \u2013 g\u00fcltig vom 25. Mai 2018 &#8211; 10. Mai 2019<\/a><\/li>\n<li>Ursprungsfassung \u2013 g\u00fcltig bis zum 24. Mai 2018<\/li>\n<\/ul>\n<p><strong>Datenschutzrichtlinien<\/strong><\/p>\n<ul>\n<li><a href=\"https:\/\/help.eventmobi.com\/de\/knowledge\/beispiel-datenschutzerkl%C3%A4rung\">Musterdatenschutzbestimmungen<\/a><\/li>\n<\/ul>\n<p>&nbsp;<\/p>\n<p><em>English:<\/em><\/p>\n<p>The relationship between EventMobi GmbH and its clients is based on professional behaviour and trust. Furthermore, our general terms of service (GTC)\u00a0 and our data processing agreement (DPA) manage any legal questions. You can find them on this page. Please note that the date of your contract with EventMobi indicates which version of the contract applies to you.<\/p>\n<p><strong>General Terms of Service<\/strong><\/p>\n<ul>\n<li><a href=\"https:\/\/get.eventmobi.com\/rs\/872-NUQ-221\/images\/EventMobi_EMEA_TOS_English_2019.pdf\">Version 2019 \u2013 valid since May 10 2019<\/a><\/li>\n<li><a href=\"http:\/\/get.eventmobi.com\/rs\/872-NUQ-221\/images\/EventMobi_AGBs_2017.pdf\" target=\"_blank\" rel=\"noopener noreferrer\">Original version \u2013 valid until May 10 2019<\/a><\/li>\n<\/ul>\n<p><strong>Data Processing Agreement<\/strong><\/p>\n<ul>\n<li><a href=\"https:\/\/go.eventmobi.com\/hubfs\/Hosted\/DE\/Business-Documents\/DPA-AVV\/EventMobi_EU_DPA-EN_2022.pdf\">Version 2022 &#8211; valid since January 01 2022<\/a><\/li>\n<li><a href=\"https:\/\/get.eventmobi.com\/rs\/872-NUQ-221\/images\/EventMobi_EMEA_DPA_English_2019.pdf\">Version 2019 &#8211; valid from May 10 2019 &#8211; December 31 2021<\/a><\/li>\n<li><a href=\"https:\/\/get.eventmobi.com\/rs\/872-NUQ-221\/images\/ADV_Deutsch_nach_DSGVO.pdf\">Version 2018 \u2013 valid from May 25th 2018 to May 10 2019<\/a><\/li>\n<li>Ursprungsfassung \u2013 g\u00fcltig bis zum 25. Mai 2018<\/li>\n<\/ul>\n","protected":false},"excerpt":{"rendered":"<p>English versions see below Das Verh\u00e4ltnis zwischen der EventMobi GmbH und deren Kunden basiert auf professionellem Umgang und Vertrauen. Dar\u00fcber hinaus regeln unsere Allgemeinen Gesch\u00e4ftsbedingungen (AGB) und ein Auftragsverarbeitungsvertrag (AVV)&#8230;.<\/p>\n","protected":false},"author":12,"featured_media":0,"parent":0,"menu_order":0,"comment_status":"closed","ping_status":"closed","template":"","meta":{"_acf_changed":false,"content-type":"","_searchwp_excluded":"","inline_featured_image":false,"footnotes":"","_links_to":"","_links_to_target":""},"class_list":["post-21197","page","type-page","status-publish","hentry"],"acf":[],"yoast_head":"<!-- This site is optimized with the Yoast SEO Premium plugin v27.2 (Yoast SEO v27.2) - https:\/\/yoast.com\/product\/yoast-seo-premium-wordpress\/ -->\n<title>Rechtliche Bestimmungen - EventMobi<\/title>\n<meta name=\"description\" content=\"Der Schutz personenbezogener Daten ist uns sehr wichtig. Hier finden Sie unsere Datenschutzbestimmungen. Erfahren Sie mehr!\" \/>\n<meta name=\"robots\" content=\"index, follow, max-snippet:-1, max-image-preview:large, max-video-preview:-1\" \/>\n<link rel=\"canonical\" href=\"https:\/\/www.eventmobi.com\/de\/legal\/\" \/>\n<meta property=\"og:locale\" content=\"de_DE\" \/>\n<meta property=\"og:type\" content=\"article\" \/>\n<meta property=\"og:title\" content=\"Rechtliche Bestimmungen und vertragliche Unterlagen\" \/>\n<meta property=\"og:description\" content=\"Der Schutz personenbezogener Daten ist uns sehr wichtig. Hier finden Sie unsere Datenschutzbestimmungen. Erfahren Sie mehr!\" \/>\n<meta property=\"og:url\" content=\"https:\/\/www.eventmobi.com\/de\/legal\/\" \/>\n<meta property=\"og:site_name\" content=\"EventMobi\" \/>\n<meta property=\"article:publisher\" content=\"https:\/\/www.facebook.com\/EventMobi\/\" \/>\n<meta property=\"article:modified_time\" content=\"2026-03-03T15:17:40+00:00\" \/>\n<meta name=\"twitter:card\" content=\"summary_large_image\" \/>\n<meta name=\"twitter:site\" content=\"@EventMobi\" \/>\n<meta name=\"twitter:label1\" content=\"Gesch\u00e4tzte Lesezeit\" \/>\n\t<meta name=\"twitter:data1\" content=\"2\u00a0Minute\" \/>\n<script type=\"application\/ld+json\" class=\"yoast-schema-graph\">{\"@context\":\"https:\/\/schema.org\",\"@graph\":[{\"@type\":\"WebPage\",\"@id\":\"https:\/\/www.eventmobi.com\/de\/legal\/\",\"url\":\"https:\/\/www.eventmobi.com\/de\/legal\/\",\"name\":\"Rechtliche Bestimmungen - EventMobi\",\"isPartOf\":{\"@id\":\"https:\/\/www.eventmobi.com\/de\/#website\"},\"datePublished\":\"2019-03-15T09:33:18+00:00\",\"dateModified\":\"2026-03-03T15:17:40+00:00\",\"description\":\"Der Schutz personenbezogener Daten ist uns sehr wichtig. Hier finden Sie unsere Datenschutzbestimmungen. Erfahren Sie mehr!\",\"breadcrumb\":{\"@id\":\"https:\/\/www.eventmobi.com\/de\/legal\/#breadcrumb\"},\"inLanguage\":\"de\",\"potentialAction\":[{\"@type\":\"ReadAction\",\"target\":[\"https:\/\/www.eventmobi.com\/de\/legal\/\"]}]},{\"@type\":\"BreadcrumbList\",\"@id\":\"https:\/\/www.eventmobi.com\/de\/legal\/#breadcrumb\",\"itemListElement\":[{\"@type\":\"ListItem\",\"position\":1,\"name\":\"Startseite\",\"item\":\"https:\/\/www.eventmobi.com\/de\/\"},{\"@type\":\"ListItem\",\"position\":2,\"name\":\"Rechtliche Bestimmungen und vertragliche Unterlagen\"}]},{\"@type\":\"WebSite\",\"@id\":\"https:\/\/www.eventmobi.com\/de\/#website\",\"url\":\"https:\/\/www.eventmobi.com\/de\/\",\"name\":\"EventMobi\",\"description\":\"\",\"publisher\":{\"@id\":\"https:\/\/www.eventmobi.com\/de\/#organization\"},\"potentialAction\":[{\"@type\":\"SearchAction\",\"target\":{\"@type\":\"EntryPoint\",\"urlTemplate\":\"https:\/\/www.eventmobi.com\/de\/?s={search_term_string}\"},\"query-input\":{\"@type\":\"PropertyValueSpecification\",\"valueRequired\":true,\"valueName\":\"search_term_string\"}}],\"inLanguage\":\"de\"},{\"@type\":\"Organization\",\"@id\":\"https:\/\/www.eventmobi.com\/de\/#organization\",\"name\":\"EventMobi\",\"url\":\"https:\/\/www.eventmobi.com\/de\/\",\"logo\":{\"@type\":\"ImageObject\",\"inLanguage\":\"de\",\"@id\":\"https:\/\/www.eventmobi.com\/de\/#\/schema\/logo\/image\/\",\"url\":\"https:\/\/www.eventmobi.com\/wp-content\/uploads\/2017\/12\/EMI-2017-Logo-Horiz-RGB.png\",\"contentUrl\":\"https:\/\/www.eventmobi.com\/wp-content\/uploads\/2017\/12\/EMI-2017-Logo-Horiz-RGB.png\",\"width\":1623,\"height\":438,\"caption\":\"EventMobi\"},\"image\":{\"@id\":\"https:\/\/www.eventmobi.com\/de\/#\/schema\/logo\/image\/\"},\"sameAs\":[\"https:\/\/www.facebook.com\/EventMobi\/\",\"https:\/\/x.com\/EventMobi\",\"https:\/\/www.instagram.com\/eventmobi\/\",\"https:\/\/www.linkedin.com\/company\/eventmobi\/\",\"https:\/\/www.youtube.com\/channel\/UCJk-Mh_KgJdZgl7IdJXBTVw\"]}]}<\/script>\n<!-- \/ Yoast SEO Premium plugin. -->","yoast_head_json":{"title":"Rechtliche Bestimmungen - EventMobi","description":"Der Schutz personenbezogener Daten ist uns sehr wichtig. Hier finden Sie unsere Datenschutzbestimmungen. Erfahren Sie mehr!","robots":{"index":"index","follow":"follow","max-snippet":"max-snippet:-1","max-image-preview":"max-image-preview:large","max-video-preview":"max-video-preview:-1"},"canonical":"https:\/\/www.eventmobi.com\/de\/legal\/","og_locale":"de_DE","og_type":"article","og_title":"Rechtliche Bestimmungen und vertragliche Unterlagen","og_description":"Der Schutz personenbezogener Daten ist uns sehr wichtig. Hier finden Sie unsere Datenschutzbestimmungen. Erfahren Sie mehr!","og_url":"https:\/\/www.eventmobi.com\/de\/legal\/","og_site_name":"EventMobi","article_publisher":"https:\/\/www.facebook.com\/EventMobi\/","article_modified_time":"2026-03-03T15:17:40+00:00","twitter_card":"summary_large_image","twitter_site":"@EventMobi","twitter_misc":{"Gesch\u00e4tzte Lesezeit":"2\u00a0Minute"},"schema":{"@context":"https:\/\/schema.org","@graph":[{"@type":"WebPage","@id":"https:\/\/www.eventmobi.com\/de\/legal\/","url":"https:\/\/www.eventmobi.com\/de\/legal\/","name":"Rechtliche Bestimmungen - EventMobi","isPartOf":{"@id":"https:\/\/www.eventmobi.com\/de\/#website"},"datePublished":"2019-03-15T09:33:18+00:00","dateModified":"2026-03-03T15:17:40+00:00","description":"Der Schutz personenbezogener Daten ist uns sehr wichtig. Hier finden Sie unsere Datenschutzbestimmungen. Erfahren Sie mehr!","breadcrumb":{"@id":"https:\/\/www.eventmobi.com\/de\/legal\/#breadcrumb"},"inLanguage":"de","potentialAction":[{"@type":"ReadAction","target":["https:\/\/www.eventmobi.com\/de\/legal\/"]}]},{"@type":"BreadcrumbList","@id":"https:\/\/www.eventmobi.com\/de\/legal\/#breadcrumb","itemListElement":[{"@type":"ListItem","position":1,"name":"Startseite","item":"https:\/\/www.eventmobi.com\/de\/"},{"@type":"ListItem","position":2,"name":"Rechtliche Bestimmungen und vertragliche Unterlagen"}]},{"@type":"WebSite","@id":"https:\/\/www.eventmobi.com\/de\/#website","url":"https:\/\/www.eventmobi.com\/de\/","name":"EventMobi","description":"","publisher":{"@id":"https:\/\/www.eventmobi.com\/de\/#organization"},"potentialAction":[{"@type":"SearchAction","target":{"@type":"EntryPoint","urlTemplate":"https:\/\/www.eventmobi.com\/de\/?s={search_term_string}"},"query-input":{"@type":"PropertyValueSpecification","valueRequired":true,"valueName":"search_term_string"}}],"inLanguage":"de"},{"@type":"Organization","@id":"https:\/\/www.eventmobi.com\/de\/#organization","name":"EventMobi","url":"https:\/\/www.eventmobi.com\/de\/","logo":{"@type":"ImageObject","inLanguage":"de","@id":"https:\/\/www.eventmobi.com\/de\/#\/schema\/logo\/image\/","url":"https:\/\/www.eventmobi.com\/wp-content\/uploads\/2017\/12\/EMI-2017-Logo-Horiz-RGB.png","contentUrl":"https:\/\/www.eventmobi.com\/wp-content\/uploads\/2017\/12\/EMI-2017-Logo-Horiz-RGB.png","width":1623,"height":438,"caption":"EventMobi"},"image":{"@id":"https:\/\/www.eventmobi.com\/de\/#\/schema\/logo\/image\/"},"sameAs":["https:\/\/www.facebook.com\/EventMobi\/","https:\/\/x.com\/EventMobi","https:\/\/www.instagram.com\/eventmobi\/","https:\/\/www.linkedin.com\/company\/eventmobi\/","https:\/\/www.youtube.com\/channel\/UCJk-Mh_KgJdZgl7IdJXBTVw"]}]}},"_links":{"self":[{"href":"https:\/\/www.eventmobi.com\/de\/wp-json\/wp\/v2\/pages\/21197","targetHints":{"allow":["GET"]}}],"collection":[{"href":"https:\/\/www.eventmobi.com\/de\/wp-json\/wp\/v2\/pages"}],"about":[{"href":"https:\/\/www.eventmobi.com\/de\/wp-json\/wp\/v2\/types\/page"}],"author":[{"embeddable":true,"href":"https:\/\/www.eventmobi.com\/de\/wp-json\/wp\/v2\/users\/12"}],"replies":[{"embeddable":true,"href":"https:\/\/www.eventmobi.com\/de\/wp-json\/wp\/v2\/comments?post=21197"}],"version-history":[{"count":1,"href":"https:\/\/www.eventmobi.com\/de\/wp-json\/wp\/v2\/pages\/21197\/revisions"}],"predecessor-version":[{"id":85830,"href":"https:\/\/www.eventmobi.com\/de\/wp-json\/wp\/v2\/pages\/21197\/revisions\/85830"}],"wp:attachment":[{"href":"https:\/\/www.eventmobi.com\/de\/wp-json\/wp\/v2\/media?parent=21197"}],"curies":[{"name":"wp","href":"https:\/\/api.w.org\/{rel}","templated":true}]}}